{"id":15654,"date":"2024-02-17T23:01:29","date_gmt":"2024-02-17T23:01:29","guid":{"rendered":"https:\/\/elpasovein.com\/?page_id=15654"},"modified":"2024-02-17T23:06:37","modified_gmt":"2024-02-17T23:06:37","slug":"entrevistas","status":"publish","type":"page","link":"https:\/\/elpasovein.com\/es\/entrevistas\/","title":{"rendered":"Entrevistas"},"content":{"rendered":"<div data-elementor-type=\"wp-post\" data-elementor-id=\"15654\" class=\"elementor elementor-15654\" data-elementor-post-type=\"page\">\n\t\t\t\t        <section class=\"elementor-section elementor-top-section elementor-element elementor-element-d45d0ef elementor-section-full_width elementor-section-height-default elementor-section-height-default\" data-id=\"d45d0ef\" data-element_type=\"section\" data-e-type=\"section\" data-settings=\"{&quot;background_background&quot;:&quot;classic&quot;}\">\r\n\t\t\r\n\t\t        <div class=\"elementor-container elementor-column-gap-default\" >\r\n\t\t        <div class=\"elementor-column elementor-col-50 elementor-top-column elementor-element elementor-element-0e59c52\" data-id=\"0e59c52\" data-element_type=\"column\" data-e-type=\"column\">\r\n            <div class=\"elementor-widget-wrap elementor-element-populated\">\r\n                \t\t<div class=\"elementor-element elementor-element-970e9fa elementor-widget elementor-widget-cms_heading\" data-id=\"970e9fa\" data-element_type=\"widget\" data-e-type=\"widget\" data-widget_type=\"cms_heading.default\">\n\t\t\t\t<div class=\"elementor-widget-container\">\n\t\t\t\t\t<div class=\"cms-heading-wrapper cms-heading-layout1\">\r\n            <div class=\"custom-subheading\">Explorando las V\u00e1rices, Ara\u00f1as Vasculares y Perspectivas de Expertos<\/div>\r\n    \r\n            <h1 class=\"custom-heading\">\r\n            <span > Entrevistas sobre Salud Vascular<\/span>\r\n        <\/h1>\r\n        \r\n    <\/div>\t\t\t\t<\/div>\n\t\t\t\t<\/div>\n\t\t\t\t<div class=\"elementor-element elementor-element-1c9f3bc elementor-widget elementor-widget-text-editor\" data-id=\"1c9f3bc\" data-element_type=\"widget\" data-e-type=\"widget\" data-widget_type=\"text-editor.default\">\n\t\t\t\t<div class=\"elementor-widget-container\">\n\t\t\t\t\t\t\t\t\t<p>\u00danete a nosotros para conocer a nuestro equipo de experimentados m\u00e9dicos en Physician&#8217;s Vascular Services a trav\u00e9s de nuestras Entrevistas sobre Salud Vascular. Estas discusiones atractivas ofrecen una oportunidad \u00fanica para aprender de nuestros expertos sobre una amplia gama de temas, incluyendo v\u00e1rices, venas ara\u00f1as, trombosis venosa profunda, enfermedad arterial perif\u00e9rica y m\u00e1s.<\/p>\t\t\t\t\t\t\t\t<\/div>\n\t\t\t\t<\/div>\n\t\t            <\/div>\r\n        <\/div>\r\n                <div class=\"elementor-column elementor-col-50 elementor-top-column elementor-element elementor-element-997ae98\" data-id=\"997ae98\" data-element_type=\"column\" data-e-type=\"column\">\r\n            <div class=\"elementor-widget-wrap elementor-element-populated\">\r\n                \t\t<div class=\"elementor-element elementor-element-61b92a9 elementor-widget elementor-widget-video\" data-id=\"61b92a9\" data-element_type=\"widget\" data-e-type=\"widget\" data-settings=\"{&quot;video_type&quot;:&quot;hosted&quot;,&quot;start&quot;:14,&quot;controls&quot;:&quot;yes&quot;}\" data-widget_type=\"video.default\">\n\t\t\t\t<div class=\"elementor-widget-container\">\n\t\t\t\t\t\t\t<div class=\"e-hosted-video elementor-wrapper elementor-open-inline\">\n\t\t\t\t\t<video class=\"elementor-video\" src=\"http:\/\/ync.7d9.myftpupload.com\/wp-content\/uploads\/2023\/09\/Patient-Satisfaction.mp4#t=14\" controls=\"\" preload=\"metadata\" controlslist=\"nodownload\"><\/video>\n\t\t\t\t<\/div>\n\t\t\t\t\t\t<\/div>\n\t\t\t\t<\/div>\n\t\t            <\/div>\r\n        <\/div>\r\n        \t\t\t<\/div>\r\n\t\t<\/section>\r\n\t\t        <section class=\"elementor-section elementor-top-section elementor-element elementor-element-5e9cfa6 elementor-section-full_width elementor-section-height-default elementor-section-height-default\" data-id=\"5e9cfa6\" data-element_type=\"section\" data-e-type=\"section\" data-settings=\"{&quot;background_background&quot;:&quot;classic&quot;}\">\r\n\t\t\r\n\t\t        <div class=\"elementor-container elementor-column-gap-default\" >\r\n\t\t        <div class=\"elementor-column elementor-col-50 elementor-top-column elementor-element elementor-element-1672a09\" data-id=\"1672a09\" data-element_type=\"column\" data-e-type=\"column\">\r\n            <div class=\"elementor-widget-wrap\">\r\n                            <\/div>\r\n        <\/div>\r\n                <div class=\"elementor-column elementor-col-50 elementor-top-column elementor-element elementor-element-6440c8f\" data-id=\"6440c8f\" data-element_type=\"column\" data-e-type=\"column\">\r\n            <div class=\"elementor-widget-wrap elementor-element-populated\">\r\n                \t\t<div class=\"elementor-element elementor-element-8aa040a elementor-widget elementor-widget-video\" data-id=\"8aa040a\" data-element_type=\"widget\" data-e-type=\"widget\" data-settings=\"{&quot;video_type&quot;:&quot;hosted&quot;,&quot;start&quot;:8,&quot;controls&quot;:&quot;yes&quot;}\" data-widget_type=\"video.default\">\n\t\t\t\t<div class=\"elementor-widget-container\">\n\t\t\t\t\t\t\t<div class=\"e-hosted-video elementor-wrapper elementor-open-inline\">\n\t\t\t\t\t<video class=\"elementor-video\" src=\"http:\/\/ync.7d9.myftpupload.com\/wp-content\/uploads\/2023\/09\/Vein-Treatment.mp4#t=8\" controls=\"\" preload=\"metadata\" controlslist=\"nodownload\"><\/video>\n\t\t\t\t<\/div>\n\t\t\t\t\t\t<\/div>\n\t\t\t\t<\/div>\n\t\t            <\/div>\r\n        <\/div>\r\n        \t\t\t<\/div>\r\n\t\t<\/section>\r\n\t\t        <section class=\"elementor-section elementor-top-section elementor-element elementor-element-031f950 elementor-section-boxed elementor-section-height-default elementor-section-height-default\" data-id=\"031f950\" data-element_type=\"section\" data-e-type=\"section\">\r\n\t\t\r\n\t\t        <div class=\"elementor-container elementor-column-gap-default\" >\r\n\t\t        <div class=\"elementor-column elementor-col-100 elementor-top-column elementor-element elementor-element-f056c2f\" data-id=\"f056c2f\" data-element_type=\"column\" data-e-type=\"column\">\r\n            <div class=\"elementor-widget-wrap\">\r\n                            <\/div>\r\n        <\/div>\r\n        \t\t\t<\/div>\r\n\t\t<\/section>\r\n\t\t\t\t<\/div>","protected":false},"excerpt":{"rendered":"<p>Explorando las V\u00e1rices, Ara\u00f1as Vasculares y Perspectivas de Expertos Entrevistas sobre Salud Vascular \u00danete a nosotros para conocer a nuestro equipo de experimentados m\u00e9dicos en Physician&#8217;s Vascular Services a trav\u00e9s de nuestras Entrevistas sobre Salud Vascular. Estas discusiones atractivas ofrecen una oportunidad \u00fanica para aprender de nuestros expertos sobre una amplia gama de temas, incluyendo [&hellip;]<\/p>\n","protected":false},"author":2,"featured_media":15656,"parent":0,"menu_order":0,"comment_status":"closed","ping_status":"closed","template":"elementor_header_footer","meta":{"footnotes":""},"class_list":["post-15654","page","type-page","status-publish","has-post-thumbnail","hentry"],"yoast_head":"<!-- This site is optimized with the Yoast SEO plugin v27.5 - https:\/\/yoast.com\/product\/yoast-seo-wordpress\/ -->\n<title>Entrevistas - El Paso Vein<\/title>\n<meta name=\"description\" content=\"Entrevistas: \u00danete a nosotros para conocer a nuestro equipo de m\u00e9dicos experimentados en Physician\u2019s Vascular Services.\" \/>\n<meta name=\"robots\" content=\"index, follow, max-snippet:-1, max-image-preview:large, max-video-preview:-1\" \/>\n<link rel=\"canonical\" href=\"https:\/\/elpasovein.com\/es\/entrevistas\/\" \/>\n<meta property=\"og:locale\" content=\"es_MX\" \/>\n<meta property=\"og:type\" content=\"article\" \/>\n<meta property=\"og:title\" content=\"Entrevistas - El Paso Vein\" \/>\n<meta property=\"og:description\" content=\"Entrevistas: \u00danete a nosotros para conocer a nuestro equipo de m\u00e9dicos experimentados en Physician\u2019s Vascular Services.\" \/>\n<meta property=\"og:url\" content=\"https:\/\/elpasovein.com\/es\/entrevistas\/\" \/>\n<meta property=\"og:site_name\" content=\"El Paso Vein\" \/>\n<meta property=\"article:publisher\" content=\"https:\/\/www.facebook.com\/elpasovein\" \/>\n<meta property=\"article:modified_time\" content=\"2024-02-17T23:06:37+00:00\" \/>\n<meta property=\"og:image\" content=\"https:\/\/elpasovein.com\/wp-content\/uploads\/2024\/02\/Physicians-Vascular-Service-04.jpg\" \/>\n\t<meta property=\"og:image:width\" content=\"2048\" \/>\n\t<meta property=\"og:image:height\" content=\"1365\" \/>\n\t<meta property=\"og:image:type\" content=\"image\/jpeg\" \/>\n<meta name=\"twitter:card\" content=\"summary_large_image\" \/>\n<meta name=\"twitter:site\" content=\"@elpasoveincare\" \/>\n<meta name=\"twitter:label1\" content=\"Tiempo de lectura\" \/>\n\t<meta name=\"twitter:data1\" content=\"1 minuto\" \/>\n<script type=\"application\/ld+json\" class=\"yoast-schema-graph\">{\"@context\":\"https:\\\/\\\/schema.org\",\"@graph\":[{\"@type\":\"WebPage\",\"@id\":\"https:\\\/\\\/elpasovein.com\\\/es\\\/entrevistas\\\/\",\"url\":\"https:\\\/\\\/elpasovein.com\\\/es\\\/entrevistas\\\/\",\"name\":\"Entrevistas - El Paso Vein\",\"isPartOf\":{\"@id\":\"https:\\\/\\\/elpasovein.com\\\/es\\\/#website\"},\"primaryImageOfPage\":{\"@id\":\"https:\\\/\\\/elpasovein.com\\\/es\\\/entrevistas\\\/#primaryimage\"},\"image\":{\"@id\":\"https:\\\/\\\/elpasovein.com\\\/es\\\/entrevistas\\\/#primaryimage\"},\"thumbnailUrl\":\"https:\\\/\\\/elpasovein.com\\\/wp-content\\\/uploads\\\/2024\\\/02\\\/Physicians-Vascular-Service-24.jpg\",\"datePublished\":\"2024-02-17T23:01:29+00:00\",\"dateModified\":\"2024-02-17T23:06:37+00:00\",\"description\":\"Entrevistas: \u00danete a nosotros para conocer a nuestro equipo de m\u00e9dicos experimentados en Physician\u2019s Vascular Services.\",\"breadcrumb\":{\"@id\":\"https:\\\/\\\/elpasovein.com\\\/es\\\/entrevistas\\\/#breadcrumb\"},\"inLanguage\":\"es\",\"potentialAction\":[{\"@type\":\"ReadAction\",\"target\":[\"https:\\\/\\\/elpasovein.com\\\/es\\\/entrevistas\\\/\"]}]},{\"@type\":\"ImageObject\",\"inLanguage\":\"es\",\"@id\":\"https:\\\/\\\/elpasovein.com\\\/es\\\/entrevistas\\\/#primaryimage\",\"url\":\"https:\\\/\\\/elpasovein.com\\\/wp-content\\\/uploads\\\/2024\\\/02\\\/Physicians-Vascular-Service-24.jpg\",\"contentUrl\":\"https:\\\/\\\/elpasovein.com\\\/wp-content\\\/uploads\\\/2024\\\/02\\\/Physicians-Vascular-Service-24.jpg\",\"width\":2048,\"height\":1365},{\"@type\":\"BreadcrumbList\",\"@id\":\"https:\\\/\\\/elpasovein.com\\\/es\\\/entrevistas\\\/#breadcrumb\",\"itemListElement\":[{\"@type\":\"ListItem\",\"position\":1,\"name\":\"Home\",\"item\":\"https:\\\/\\\/elpasovein.com\\\/es\\\/physicians-vascular-services-es\\\/\"},{\"@type\":\"ListItem\",\"position\":2,\"name\":\"Entrevistas\"}]},{\"@type\":\"WebSite\",\"@id\":\"https:\\\/\\\/elpasovein.com\\\/es\\\/#website\",\"url\":\"https:\\\/\\\/elpasovein.com\\\/es\\\/\",\"name\":\"Physician's Vascular Services\",\"description\":\"#1 Varicose Vein Specialist\",\"publisher\":{\"@id\":\"https:\\\/\\\/elpasovein.com\\\/es\\\/#organization\"},\"potentialAction\":[{\"@type\":\"SearchAction\",\"target\":{\"@type\":\"EntryPoint\",\"urlTemplate\":\"https:\\\/\\\/elpasovein.com\\\/es\\\/?s={search_term_string}\"},\"query-input\":{\"@type\":\"PropertyValueSpecification\",\"valueRequired\":true,\"valueName\":\"search_term_string\"}}],\"inLanguage\":\"es\"},{\"@type\":\"Organization\",\"@id\":\"https:\\\/\\\/elpasovein.com\\\/es\\\/#organization\",\"name\":\"Physician's Vascular Services\",\"url\":\"https:\\\/\\\/elpasovein.com\\\/es\\\/\",\"logo\":{\"@type\":\"ImageObject\",\"inLanguage\":\"es\",\"@id\":\"https:\\\/\\\/elpasovein.com\\\/es\\\/#\\\/schema\\\/logo\\\/image\\\/\",\"url\":\"https:\\\/\\\/elpasovein.com\\\/wp-content\\\/uploads\\\/2021\\\/08\\\/logo-pvs-e1691105926484.jpeg\",\"contentUrl\":\"https:\\\/\\\/elpasovein.com\\\/wp-content\\\/uploads\\\/2021\\\/08\\\/logo-pvs-e1691105926484.jpeg\",\"width\":348,\"height\":135,\"caption\":\"Physician's Vascular Services\"},\"image\":{\"@id\":\"https:\\\/\\\/elpasovein.com\\\/es\\\/#\\\/schema\\\/logo\\\/image\\\/\"},\"sameAs\":[\"https:\\\/\\\/www.facebook.com\\\/elpasovein\",\"https:\\\/\\\/x.com\\\/elpasoveincare\",\"https:\\\/\\\/www.linkedin.com\\\/company\\\/physician-s-vascular-services\",\"https:\\\/\\\/www.youtube.com\\\/user\\\/epImaging\"]}]}<\/script>\n<!-- \/ Yoast SEO plugin. -->","yoast_head_json":{"title":"Entrevistas - El Paso Vein","description":"Entrevistas: \u00danete a nosotros para conocer a nuestro equipo de m\u00e9dicos experimentados en Physician\u2019s Vascular Services.","robots":{"index":"index","follow":"follow","max-snippet":"max-snippet:-1","max-image-preview":"max-image-preview:large","max-video-preview":"max-video-preview:-1"},"canonical":"https:\/\/elpasovein.com\/es\/entrevistas\/","og_locale":"es_MX","og_type":"article","og_title":"Entrevistas - El Paso Vein","og_description":"Entrevistas: \u00danete a nosotros para conocer a nuestro equipo de m\u00e9dicos experimentados en Physician\u2019s Vascular Services.","og_url":"https:\/\/elpasovein.com\/es\/entrevistas\/","og_site_name":"El Paso Vein","article_publisher":"https:\/\/www.facebook.com\/elpasovein","article_modified_time":"2024-02-17T23:06:37+00:00","og_image":[{"width":2048,"height":1365,"url":"https:\/\/elpasovein.com\/wp-content\/uploads\/2024\/02\/Physicians-Vascular-Service-04.jpg","type":"image\/jpeg"}],"twitter_card":"summary_large_image","twitter_site":"@elpasoveincare","twitter_misc":{"Tiempo de lectura":"1 minuto"},"schema":{"@context":"https:\/\/schema.org","@graph":[{"@type":"WebPage","@id":"https:\/\/elpasovein.com\/es\/entrevistas\/","url":"https:\/\/elpasovein.com\/es\/entrevistas\/","name":"Entrevistas - El Paso Vein","isPartOf":{"@id":"https:\/\/elpasovein.com\/es\/#website"},"primaryImageOfPage":{"@id":"https:\/\/elpasovein.com\/es\/entrevistas\/#primaryimage"},"image":{"@id":"https:\/\/elpasovein.com\/es\/entrevistas\/#primaryimage"},"thumbnailUrl":"https:\/\/elpasovein.com\/wp-content\/uploads\/2024\/02\/Physicians-Vascular-Service-24.jpg","datePublished":"2024-02-17T23:01:29+00:00","dateModified":"2024-02-17T23:06:37+00:00","description":"Entrevistas: \u00danete a nosotros para conocer a nuestro equipo de m\u00e9dicos experimentados en Physician\u2019s Vascular Services.","breadcrumb":{"@id":"https:\/\/elpasovein.com\/es\/entrevistas\/#breadcrumb"},"inLanguage":"es","potentialAction":[{"@type":"ReadAction","target":["https:\/\/elpasovein.com\/es\/entrevistas\/"]}]},{"@type":"ImageObject","inLanguage":"es","@id":"https:\/\/elpasovein.com\/es\/entrevistas\/#primaryimage","url":"https:\/\/elpasovein.com\/wp-content\/uploads\/2024\/02\/Physicians-Vascular-Service-24.jpg","contentUrl":"https:\/\/elpasovein.com\/wp-content\/uploads\/2024\/02\/Physicians-Vascular-Service-24.jpg","width":2048,"height":1365},{"@type":"BreadcrumbList","@id":"https:\/\/elpasovein.com\/es\/entrevistas\/#breadcrumb","itemListElement":[{"@type":"ListItem","position":1,"name":"Home","item":"https:\/\/elpasovein.com\/es\/physicians-vascular-services-es\/"},{"@type":"ListItem","position":2,"name":"Entrevistas"}]},{"@type":"WebSite","@id":"https:\/\/elpasovein.com\/es\/#website","url":"https:\/\/elpasovein.com\/es\/","name":"Physician's Vascular Services","description":"#1 Varicose Vein Specialist","publisher":{"@id":"https:\/\/elpasovein.com\/es\/#organization"},"potentialAction":[{"@type":"SearchAction","target":{"@type":"EntryPoint","urlTemplate":"https:\/\/elpasovein.com\/es\/?s={search_term_string}"},"query-input":{"@type":"PropertyValueSpecification","valueRequired":true,"valueName":"search_term_string"}}],"inLanguage":"es"},{"@type":"Organization","@id":"https:\/\/elpasovein.com\/es\/#organization","name":"Physician's Vascular Services","url":"https:\/\/elpasovein.com\/es\/","logo":{"@type":"ImageObject","inLanguage":"es","@id":"https:\/\/elpasovein.com\/es\/#\/schema\/logo\/image\/","url":"https:\/\/elpasovein.com\/wp-content\/uploads\/2021\/08\/logo-pvs-e1691105926484.jpeg","contentUrl":"https:\/\/elpasovein.com\/wp-content\/uploads\/2021\/08\/logo-pvs-e1691105926484.jpeg","width":348,"height":135,"caption":"Physician's Vascular Services"},"image":{"@id":"https:\/\/elpasovein.com\/es\/#\/schema\/logo\/image\/"},"sameAs":["https:\/\/www.facebook.com\/elpasovein","https:\/\/x.com\/elpasoveincare","https:\/\/www.linkedin.com\/company\/physician-s-vascular-services","https:\/\/www.youtube.com\/user\/epImaging"]}]}},"_links":{"self":[{"href":"https:\/\/elpasovein.com\/es\/wp-json\/wp\/v2\/pages\/15654","targetHints":{"allow":["GET"]}}],"collection":[{"href":"https:\/\/elpasovein.com\/es\/wp-json\/wp\/v2\/pages"}],"about":[{"href":"https:\/\/elpasovein.com\/es\/wp-json\/wp\/v2\/types\/page"}],"author":[{"embeddable":true,"href":"https:\/\/elpasovein.com\/es\/wp-json\/wp\/v2\/users\/2"}],"replies":[{"embeddable":true,"href":"https:\/\/elpasovein.com\/es\/wp-json\/wp\/v2\/comments?post=15654"}],"version-history":[{"count":5,"href":"https:\/\/elpasovein.com\/es\/wp-json\/wp\/v2\/pages\/15654\/revisions"}],"predecessor-version":[{"id":15661,"href":"https:\/\/elpasovein.com\/es\/wp-json\/wp\/v2\/pages\/15654\/revisions\/15661"}],"wp:featuredmedia":[{"embeddable":true,"href":"https:\/\/elpasovein.com\/es\/wp-json\/wp\/v2\/media\/15656"}],"wp:attachment":[{"href":"https:\/\/elpasovein.com\/es\/wp-json\/wp\/v2\/media?parent=15654"}],"curies":[{"name":"wp","href":"https:\/\/api.w.org\/{rel}","templated":true}]}}