{"id":15541,"date":"2024-02-02T19:45:41","date_gmt":"2024-02-02T19:45:41","guid":{"rendered":"https:\/\/elpasovein.com\/?page_id=15541"},"modified":"2024-02-02T19:47:44","modified_gmt":"2024-02-02T19:47:44","slug":"compromiso-social","status":"publish","type":"page","link":"https:\/\/elpasovein.com\/es\/compromiso-social\/","title":{"rendered":"Compromiso Social"},"content":{"rendered":"<div data-elementor-type=\"wp-post\" data-elementor-id=\"15541\" class=\"elementor elementor-15541\" data-elementor-post-type=\"page\">\n\t\t\t\t        <section class=\"elementor-section elementor-top-section elementor-element elementor-element-d45d0ef elementor-section-full_width elementor-section-height-default elementor-section-height-default\" data-id=\"d45d0ef\" data-element_type=\"section\" data-e-type=\"section\" data-settings=\"{&quot;background_background&quot;:&quot;classic&quot;}\">\r\n\t\t\r\n\t\t        <div class=\"elementor-container elementor-column-gap-default\" >\r\n\t\t        <div class=\"elementor-column elementor-col-50 elementor-top-column elementor-element elementor-element-0e59c52\" data-id=\"0e59c52\" data-element_type=\"column\" data-e-type=\"column\">\r\n            <div class=\"elementor-widget-wrap elementor-element-populated\">\r\n                \t\t<div class=\"elementor-element elementor-element-970e9fa elementor-widget elementor-widget-cms_heading\" data-id=\"970e9fa\" data-element_type=\"widget\" data-e-type=\"widget\" data-widget_type=\"cms_heading.default\">\n\t\t\t\t<div class=\"elementor-widget-container\">\n\t\t\t\t\t<div class=\"cms-heading-wrapper cms-heading-layout1\">\r\n            <div class=\"custom-subheading\">Contribuyendo con Impacto<\/div>\r\n    \r\n            <h1 class=\"custom-heading\">\r\n            <span >Compromiso Social de PVS y el Telethon El Paso Strong<\/span>\r\n        <\/h1>\r\n        \r\n    <\/div>\t\t\t\t<\/div>\n\t\t\t\t<\/div>\n\t\t\t\t<div class=\"elementor-element elementor-element-1c9f3bc elementor-widget elementor-widget-text-editor\" data-id=\"1c9f3bc\" data-element_type=\"widget\" data-e-type=\"widget\" data-widget_type=\"text-editor.default\">\n\t\t\t\t<div class=\"elementor-widget-container\">\n\t\t\t\t\t\t\t\t\t<p>En una destacada muestra de generosidad, nosotros, Physician&#8217;s Vascular Service (PVS), hemos demostrado de manera constante nuestro compromiso de tener un impacto positivo en comunidades necesitadas. Una destacada instancia de nuestros esfuerzos filantr\u00f3picos fue nuestra significativa contribuci\u00f3n al Telethon El Paso Strong, una iniciativa compasiva destinada a apoyar a las v\u00edctimas y familias afectadas por un tr\u00e1gico incidente.<\/p><p>Nuestra generosa contribuci\u00f3n, junto con la de otros destacados donantes, desempe\u00f1\u00f3 un papel crucial en superar la meta de recaudaci\u00f3n de fondos de $200,000.<\/p>\t\t\t\t\t\t\t\t<\/div>\n\t\t\t\t<\/div>\n\t\t\t\t<div class=\"elementor-element elementor-element-58f6e4a elementor-widget elementor-widget-text-editor\" data-id=\"58f6e4a\" data-element_type=\"widget\" data-e-type=\"widget\" data-widget_type=\"text-editor.default\">\n\t\t\t\t<div class=\"elementor-widget-container\">\n\t\t\t\t\t\t\t\t\t<p>Nuestro compromiso con el bienestar comunitario va m\u00e1s all\u00e1 de eventos individuales, siendo un pilar fundamental de nuestra \u00e9tica. Al reflexionar sobre el impacto de las contribuciones de PVS, queda claro que nuestro esp\u00edritu filantr\u00f3pico sirve como un faro de esperanza, fomentando un cambio positivo y la resiliencia en las comunidades que tocamos.<\/p>\t\t\t\t\t\t\t\t<\/div>\n\t\t\t\t<\/div>\n\t\t            <\/div>\r\n        <\/div>\r\n                <div class=\"elementor-column elementor-col-50 elementor-top-column elementor-element elementor-element-997ae98\" data-id=\"997ae98\" data-element_type=\"column\" data-e-type=\"column\">\r\n            <div class=\"elementor-widget-wrap elementor-element-populated\">\r\n                \t\t<div class=\"elementor-element elementor-element-61b92a9 elementor-widget elementor-widget-video\" data-id=\"61b92a9\" data-element_type=\"widget\" data-e-type=\"widget\" data-settings=\"{&quot;video_type&quot;:&quot;hosted&quot;,&quot;start&quot;:156,&quot;loop&quot;:&quot;yes&quot;,&quot;controls&quot;:&quot;yes&quot;}\" data-widget_type=\"video.default\">\n\t\t\t\t<div class=\"elementor-widget-container\">\n\t\t\t\t\t\t\t<div class=\"e-hosted-video elementor-wrapper elementor-open-inline\">\n\t\t\t\t\t<video class=\"elementor-video\" src=\"https:\/\/elpasovein.com\/wp-content\/uploads\/2024\/01\/El-Paso-Strong-Telethon-Recap-720.mp4#t=156\" loop=\"\" controls=\"\" preload=\"metadata\" controlslist=\"nodownload\"><\/video>\n\t\t\t\t<\/div>\n\t\t\t\t\t\t<\/div>\n\t\t\t\t<\/div>\n\t\t            <\/div>\r\n        <\/div>\r\n        \t\t\t<\/div>\r\n\t\t<\/section>\r\n\t\t        <section class=\"elementor-section elementor-top-section elementor-element elementor-element-5e9cfa6 elementor-section-full_width elementor-section-height-default elementor-section-height-default\" data-id=\"5e9cfa6\" data-element_type=\"section\" data-e-type=\"section\" data-settings=\"{&quot;background_background&quot;:&quot;classic&quot;}\">\r\n\t\t\r\n\t\t        <div class=\"elementor-container elementor-column-gap-default\" >\r\n\t\t        <div class=\"elementor-column elementor-col-50 elementor-top-column elementor-element elementor-element-1672a09\" data-id=\"1672a09\" data-element_type=\"column\" data-e-type=\"column\">\r\n            <div class=\"elementor-widget-wrap\">\r\n                            <\/div>\r\n        <\/div>\r\n                <div class=\"elementor-column elementor-col-50 elementor-top-column elementor-element elementor-element-6440c8f\" data-id=\"6440c8f\" data-element_type=\"column\" data-e-type=\"column\">\r\n            <div class=\"elementor-widget-wrap\">\r\n                            <\/div>\r\n        <\/div>\r\n        \t\t\t<\/div>\r\n\t\t<\/section>\r\n\t\t        <section class=\"elementor-section elementor-top-section elementor-element elementor-element-031f950 elementor-section-boxed elementor-section-height-default elementor-section-height-default\" data-id=\"031f950\" data-element_type=\"section\" data-e-type=\"section\">\r\n\t\t\r\n\t\t        <div class=\"elementor-container elementor-column-gap-default\" >\r\n\t\t        <div class=\"elementor-column elementor-col-100 elementor-top-column elementor-element elementor-element-f056c2f\" data-id=\"f056c2f\" data-element_type=\"column\" data-e-type=\"column\">\r\n            <div class=\"elementor-widget-wrap\">\r\n                            <\/div>\r\n        <\/div>\r\n        \t\t\t<\/div>\r\n\t\t<\/section>\r\n\t\t\t\t<\/div>","protected":false},"excerpt":{"rendered":"<p>Contribuyendo con Impacto Compromiso Social de PVS y el Telethon El Paso Strong En una destacada muestra de generosidad, nosotros, Physician&#8217;s Vascular Service (PVS), hemos demostrado de manera constante nuestro compromiso de tener un impacto positivo en comunidades necesitadas. Una destacada instancia de nuestros esfuerzos filantr\u00f3picos fue nuestra significativa contribuci\u00f3n al Telethon El Paso Strong, [&hellip;]<\/p>\n","protected":false},"author":2,"featured_media":0,"parent":0,"menu_order":0,"comment_status":"closed","ping_status":"closed","template":"elementor_header_footer","meta":{"footnotes":""},"class_list":["post-15541","page","type-page","status-publish","hentry"],"yoast_head":"<!-- This site is optimized with the Yoast SEO plugin v27.5 - https:\/\/yoast.com\/product\/yoast-seo-wordpress\/ -->\n<title>Compromiso Social - El Paso Vein<\/title>\n<meta name=\"description\" content=\"Compromiso Social: PVS contribuye mediante donaciones impactantes, incluyendo el Telethon El Paso Strong. Transformamos vidas.\" \/>\n<meta name=\"robots\" content=\"index, follow, max-snippet:-1, max-image-preview:large, max-video-preview:-1\" \/>\n<link rel=\"canonical\" href=\"https:\/\/elpasovein.com\/es\/compromiso-social\/\" \/>\n<meta property=\"og:locale\" content=\"es_MX\" \/>\n<meta property=\"og:type\" content=\"article\" \/>\n<meta property=\"og:title\" content=\"Compromiso Social - Physician&#039;s Vascular Service\" \/>\n<meta property=\"og:description\" content=\"Compromiso Social: PVS contribuye mediante donaciones impactantes, incluyendo el Telethon El Paso Strong. Transformamos vidas.\" \/>\n<meta property=\"og:url\" content=\"https:\/\/elpasovein.com\/es\/compromiso-social\/\" \/>\n<meta property=\"og:site_name\" content=\"El Paso Vein\" \/>\n<meta property=\"article:publisher\" content=\"https:\/\/www.facebook.com\/elpasovein\" \/>\n<meta property=\"article:modified_time\" content=\"2024-02-02T19:47:44+00:00\" \/>\n<meta property=\"og:image\" content=\"https:\/\/elpasovein.com\/wp-content\/uploads\/2024\/02\/Physicians-Vascular-Service-20.jpg\" \/>\n\t<meta property=\"og:image:width\" content=\"2048\" \/>\n\t<meta property=\"og:image:height\" content=\"1365\" \/>\n\t<meta property=\"og:image:type\" content=\"image\/jpeg\" \/>\n<meta name=\"twitter:card\" content=\"summary_large_image\" \/>\n<meta name=\"twitter:site\" content=\"@elpasoveincare\" \/>\n<meta name=\"twitter:label1\" content=\"Tiempo de lectura\" \/>\n\t<meta name=\"twitter:data1\" content=\"1 minuto\" \/>\n<script type=\"application\/ld+json\" class=\"yoast-schema-graph\">{\"@context\":\"https:\\\/\\\/schema.org\",\"@graph\":[{\"@type\":\"WebPage\",\"@id\":\"https:\\\/\\\/elpasovein.com\\\/es\\\/compromiso-social\\\/\",\"url\":\"https:\\\/\\\/elpasovein.com\\\/es\\\/compromiso-social\\\/\",\"name\":\"Compromiso Social - El Paso Vein\",\"isPartOf\":{\"@id\":\"https:\\\/\\\/elpasovein.com\\\/es\\\/#website\"},\"datePublished\":\"2024-02-02T19:45:41+00:00\",\"dateModified\":\"2024-02-02T19:47:44+00:00\",\"description\":\"Compromiso Social: PVS contribuye mediante donaciones impactantes, incluyendo el Telethon El Paso Strong. Transformamos vidas.\",\"breadcrumb\":{\"@id\":\"https:\\\/\\\/elpasovein.com\\\/es\\\/compromiso-social\\\/#breadcrumb\"},\"inLanguage\":\"es\",\"potentialAction\":[{\"@type\":\"ReadAction\",\"target\":[\"https:\\\/\\\/elpasovein.com\\\/es\\\/compromiso-social\\\/\"]}]},{\"@type\":\"BreadcrumbList\",\"@id\":\"https:\\\/\\\/elpasovein.com\\\/es\\\/compromiso-social\\\/#breadcrumb\",\"itemListElement\":[{\"@type\":\"ListItem\",\"position\":1,\"name\":\"Home\",\"item\":\"https:\\\/\\\/elpasovein.com\\\/es\\\/physicians-vascular-services-es\\\/\"},{\"@type\":\"ListItem\",\"position\":2,\"name\":\"Compromiso Social\"}]},{\"@type\":\"WebSite\",\"@id\":\"https:\\\/\\\/elpasovein.com\\\/es\\\/#website\",\"url\":\"https:\\\/\\\/elpasovein.com\\\/es\\\/\",\"name\":\"Physician's Vascular Services\",\"description\":\"#1 Varicose Vein Specialist\",\"publisher\":{\"@id\":\"https:\\\/\\\/elpasovein.com\\\/es\\\/#organization\"},\"potentialAction\":[{\"@type\":\"SearchAction\",\"target\":{\"@type\":\"EntryPoint\",\"urlTemplate\":\"https:\\\/\\\/elpasovein.com\\\/es\\\/?s={search_term_string}\"},\"query-input\":{\"@type\":\"PropertyValueSpecification\",\"valueRequired\":true,\"valueName\":\"search_term_string\"}}],\"inLanguage\":\"es\"},{\"@type\":\"Organization\",\"@id\":\"https:\\\/\\\/elpasovein.com\\\/es\\\/#organization\",\"name\":\"Physician's Vascular Services\",\"url\":\"https:\\\/\\\/elpasovein.com\\\/es\\\/\",\"logo\":{\"@type\":\"ImageObject\",\"inLanguage\":\"es\",\"@id\":\"https:\\\/\\\/elpasovein.com\\\/es\\\/#\\\/schema\\\/logo\\\/image\\\/\",\"url\":\"https:\\\/\\\/elpasovein.com\\\/wp-content\\\/uploads\\\/2021\\\/08\\\/logo-pvs-e1691105926484.jpeg\",\"contentUrl\":\"https:\\\/\\\/elpasovein.com\\\/wp-content\\\/uploads\\\/2021\\\/08\\\/logo-pvs-e1691105926484.jpeg\",\"width\":348,\"height\":135,\"caption\":\"Physician's Vascular Services\"},\"image\":{\"@id\":\"https:\\\/\\\/elpasovein.com\\\/es\\\/#\\\/schema\\\/logo\\\/image\\\/\"},\"sameAs\":[\"https:\\\/\\\/www.facebook.com\\\/elpasovein\",\"https:\\\/\\\/x.com\\\/elpasoveincare\",\"https:\\\/\\\/www.linkedin.com\\\/company\\\/physician-s-vascular-services\",\"https:\\\/\\\/www.youtube.com\\\/user\\\/epImaging\"]}]}<\/script>\n<!-- \/ Yoast SEO plugin. -->","yoast_head_json":{"title":"Compromiso Social - El Paso Vein","description":"Compromiso Social: PVS contribuye mediante donaciones impactantes, incluyendo el Telethon El Paso Strong. Transformamos vidas.","robots":{"index":"index","follow":"follow","max-snippet":"max-snippet:-1","max-image-preview":"max-image-preview:large","max-video-preview":"max-video-preview:-1"},"canonical":"https:\/\/elpasovein.com\/es\/compromiso-social\/","og_locale":"es_MX","og_type":"article","og_title":"Compromiso Social - Physician's Vascular Service","og_description":"Compromiso Social: PVS contribuye mediante donaciones impactantes, incluyendo el Telethon El Paso Strong. Transformamos vidas.","og_url":"https:\/\/elpasovein.com\/es\/compromiso-social\/","og_site_name":"El Paso Vein","article_publisher":"https:\/\/www.facebook.com\/elpasovein","article_modified_time":"2024-02-02T19:47:44+00:00","og_image":[{"width":2048,"height":1365,"url":"https:\/\/elpasovein.com\/wp-content\/uploads\/2024\/02\/Physicians-Vascular-Service-20.jpg","type":"image\/jpeg"}],"twitter_card":"summary_large_image","twitter_site":"@elpasoveincare","twitter_misc":{"Tiempo de lectura":"1 minuto"},"schema":{"@context":"https:\/\/schema.org","@graph":[{"@type":"WebPage","@id":"https:\/\/elpasovein.com\/es\/compromiso-social\/","url":"https:\/\/elpasovein.com\/es\/compromiso-social\/","name":"Compromiso Social - El Paso Vein","isPartOf":{"@id":"https:\/\/elpasovein.com\/es\/#website"},"datePublished":"2024-02-02T19:45:41+00:00","dateModified":"2024-02-02T19:47:44+00:00","description":"Compromiso Social: PVS contribuye mediante donaciones impactantes, incluyendo el Telethon El Paso Strong. Transformamos vidas.","breadcrumb":{"@id":"https:\/\/elpasovein.com\/es\/compromiso-social\/#breadcrumb"},"inLanguage":"es","potentialAction":[{"@type":"ReadAction","target":["https:\/\/elpasovein.com\/es\/compromiso-social\/"]}]},{"@type":"BreadcrumbList","@id":"https:\/\/elpasovein.com\/es\/compromiso-social\/#breadcrumb","itemListElement":[{"@type":"ListItem","position":1,"name":"Home","item":"https:\/\/elpasovein.com\/es\/physicians-vascular-services-es\/"},{"@type":"ListItem","position":2,"name":"Compromiso Social"}]},{"@type":"WebSite","@id":"https:\/\/elpasovein.com\/es\/#website","url":"https:\/\/elpasovein.com\/es\/","name":"Physician's Vascular Services","description":"#1 Varicose Vein Specialist","publisher":{"@id":"https:\/\/elpasovein.com\/es\/#organization"},"potentialAction":[{"@type":"SearchAction","target":{"@type":"EntryPoint","urlTemplate":"https:\/\/elpasovein.com\/es\/?s={search_term_string}"},"query-input":{"@type":"PropertyValueSpecification","valueRequired":true,"valueName":"search_term_string"}}],"inLanguage":"es"},{"@type":"Organization","@id":"https:\/\/elpasovein.com\/es\/#organization","name":"Physician's Vascular Services","url":"https:\/\/elpasovein.com\/es\/","logo":{"@type":"ImageObject","inLanguage":"es","@id":"https:\/\/elpasovein.com\/es\/#\/schema\/logo\/image\/","url":"https:\/\/elpasovein.com\/wp-content\/uploads\/2021\/08\/logo-pvs-e1691105926484.jpeg","contentUrl":"https:\/\/elpasovein.com\/wp-content\/uploads\/2021\/08\/logo-pvs-e1691105926484.jpeg","width":348,"height":135,"caption":"Physician's Vascular Services"},"image":{"@id":"https:\/\/elpasovein.com\/es\/#\/schema\/logo\/image\/"},"sameAs":["https:\/\/www.facebook.com\/elpasovein","https:\/\/x.com\/elpasoveincare","https:\/\/www.linkedin.com\/company\/physician-s-vascular-services","https:\/\/www.youtube.com\/user\/epImaging"]}]}},"_links":{"self":[{"href":"https:\/\/elpasovein.com\/es\/wp-json\/wp\/v2\/pages\/15541","targetHints":{"allow":["GET"]}}],"collection":[{"href":"https:\/\/elpasovein.com\/es\/wp-json\/wp\/v2\/pages"}],"about":[{"href":"https:\/\/elpasovein.com\/es\/wp-json\/wp\/v2\/types\/page"}],"author":[{"embeddable":true,"href":"https:\/\/elpasovein.com\/es\/wp-json\/wp\/v2\/users\/2"}],"replies":[{"embeddable":true,"href":"https:\/\/elpasovein.com\/es\/wp-json\/wp\/v2\/comments?post=15541"}],"version-history":[{"count":4,"href":"https:\/\/elpasovein.com\/es\/wp-json\/wp\/v2\/pages\/15541\/revisions"}],"predecessor-version":[{"id":15545,"href":"https:\/\/elpasovein.com\/es\/wp-json\/wp\/v2\/pages\/15541\/revisions\/15545"}],"wp:attachment":[{"href":"https:\/\/elpasovein.com\/es\/wp-json\/wp\/v2\/media?parent=15541"}],"curies":[{"name":"wp","href":"https:\/\/api.w.org\/{rel}","templated":true}]}}